{"id":5695,"date":"2026-04-16T16:14:39","date_gmt":"2026-04-16T14:14:39","guid":{"rendered":"https:\/\/www.citodent.com\/?page_id=5695"},"modified":"2026-04-16T16:14:39","modified_gmt":"2026-04-16T14:14:39","slug":"startzeite","status":"publish","type":"page","link":"https:\/\/www.citodent.com\/de\/","title":{"rendered":"Startzeite"},"content":{"rendered":"<section  class='av_textblock_section av-lrg7o5qx-97228a109fd51140ee505ba4f3e01cba '   itemscope=\"itemscope\" itemtype=\"https:\/\/schema.org\/CreativeWork\" ><div class='avia_textblock'  itemprop=\"text\" ><h3><\/h3>\n<p><strong><span style=\"color: #333399;\">Die zahnmedizinische Bildgebungssoftware VisiQuick von Citodent Imaging B.V.<\/span><\/strong><\/p>\n<p>Mit \u00fcber 30 Jahren Erfahrung hat sich Citodent Imaging B.V. als f\u00fchrender Partner im Bereich der Mundgesundheit etabliert. Derzeit nutzen weltweit mehr als 3.500 Kunden VisiQuick in ihren Zahnarztketten, Einzelpraxen und Labors.<\/p>\n<p>VisiQuick ist in acht europ\u00e4ischen L\u00e4ndern, im Vereinigten K\u00f6nigreich, in den Niederl\u00e4ndischen Antillen und sogar in der Antarktis im Einsatz.<\/p>\n<p>VisiQuick ist die schnellste zahnmedizinische Bildgebungssoftware auf dem Markt und nutzt ger\u00e4tespezifische SDKs, um Bilder in h\u00f6chster Qualit\u00e4t zu gew\u00e4hrleisten. Die VisiQuick-Software ist mit allen g\u00e4ngigen R\u00f6ntgensystemen, Intraoralkameras, Video- und 3D-Ger\u00e4ten kompatibel. Keine Herstellerabh\u00e4ngigkeit!<\/p>\n<p>VisiQuick bietet hervorragende Benutzerfreundlichkeit, minimalen Wartungsaufwand und zuverl\u00e4ssige Leistung.<\/p>\n<\/div><\/section>\n\n<style type=\"text\/css\" data-created_by=\"avia_inline_auto\" id=\"style-css-av-lrg8624f-c2e9c12cc6bd3a7c850cb835c0819b81\">\n.avia-image-container.av-lrg8624f-c2e9c12cc6bd3a7c850cb835c0819b81 img.avia_image{\nbox-shadow:none;\n}\n.avia-image-container.av-lrg8624f-c2e9c12cc6bd3a7c850cb835c0819b81 .av-image-caption-overlay-center{\ncolor:#ffffff;\n}\n<\/style>\n<div  class='avia-image-container av-lrg8624f-c2e9c12cc6bd3a7c850cb835c0819b81 av-styling- avia-align-center  avia-builder-el-1  el_after_av_textblock  el_before_av_hr '   itemprop=\"image\" itemscope=\"itemscope\" itemtype=\"https:\/\/schema.org\/ImageObject\" ><div class=\"avia-image-container-inner\"><div class=\"avia-image-overlay-wrap\"><img decoding=\"async\" fetchpriority=\"high\" class='wp-image-5689 avia-img-lazy-loading-not-5689 avia_image ' src=\"https:\/\/i0.wp.com\/www.citodent.com\/wp-content\/uploads\/2026\/04\/VisiQuick-banner-website-EN-scaled.png?fit=1030%2C248&ssl=1\" alt='' title='VisiQuick banner website EN'  height=\"248\" width=\"1030\"  itemprop=\"thumbnailUrl\" srcset=\"https:\/\/i0.wp.com\/www.citodent.com\/wp-content\/uploads\/2026\/04\/VisiQuick-banner-website-EN-scaled.png?w=2560&amp;ssl=1 2560w, https:\/\/i0.wp.com\/www.citodent.com\/wp-content\/uploads\/2026\/04\/VisiQuick-banner-website-EN-scaled.png?resize=400%2C96&amp;ssl=1 400w, https:\/\/i0.wp.com\/www.citodent.com\/wp-content\/uploads\/2026\/04\/VisiQuick-banner-website-EN-scaled.png?resize=1030%2C248&amp;ssl=1 1030w, https:\/\/i0.wp.com\/www.citodent.com\/wp-content\/uploads\/2026\/04\/VisiQuick-banner-website-EN-scaled.png?resize=768%2C185&amp;ssl=1 768w, https:\/\/i0.wp.com\/www.citodent.com\/wp-content\/uploads\/2026\/04\/VisiQuick-banner-website-EN-scaled.png?resize=1536%2C370&amp;ssl=1 1536w, https:\/\/i0.wp.com\/www.citodent.com\/wp-content\/uploads\/2026\/04\/VisiQuick-banner-website-EN-scaled.png?resize=2048%2C494&amp;ssl=1 2048w, https:\/\/i0.wp.com\/www.citodent.com\/wp-content\/uploads\/2026\/04\/VisiQuick-banner-website-EN-scaled.png?resize=1500%2C362&amp;ssl=1 1500w, https:\/\/i0.wp.com\/www.citodent.com\/wp-content\/uploads\/2026\/04\/VisiQuick-banner-website-EN-scaled.png?resize=705%2C170&amp;ssl=1 705w\" sizes=\"(max-width: 1030px) 100vw, 1030px\" \/><\/div><\/div><\/div>\n\n<style type=\"text\/css\" data-created_by=\"avia_inline_auto\" id=\"style-css-av-lrg8ybvk-17d9ec2e83ea82357a827b1b6b7618c3\">\n#top .hr.hr-invisible.av-lrg8ybvk-17d9ec2e83ea82357a827b1b6b7618c3{\nheight:25px;\n}\n<\/style>\n<div  class='hr av-lrg8ybvk-17d9ec2e83ea82357a827b1b6b7618c3 hr-invisible  avia-builder-el-2  el_after_av_image  el_before_av_hr '><span class='hr-inner '><span class=\"hr-inner-style\"><\/span><\/span><\/div>\n\n<style type=\"text\/css\" data-created_by=\"avia_inline_auto\" id=\"style-css-av-knxho-56386a85567e80ad0c1a4093eb158943\">\n#top .hr.hr-invisible.av-knxho-56386a85567e80ad0c1a4093eb158943{\nheight:25px;\n}\n<\/style>\n<div  class='hr av-knxho-56386a85567e80ad0c1a4093eb158943 hr-invisible  avia-builder-el-3  el_after_av_hr  el_before_av_textblock '><span class='hr-inner '><span class=\"hr-inner-style\"><\/span><\/span><\/div>\n\n<style type=\"text\/css\" data-created_by=\"avia_inline_auto\" id=\"style-css-av-lrg7tyzg-b23cad377fc5e71590236d4bf4d9e3a1\">\n#top .av_textblock_section.av-lrg7tyzg-b23cad377fc5e71590236d4bf4d9e3a1 .avia_textblock{\ntext-align:left;\ncolumn-count:2;\n}\n<\/style>\n<section  class='av_textblock_section av-lrg7tyzg-b23cad377fc5e71590236d4bf4d9e3a1 '   itemscope=\"itemscope\" itemtype=\"https:\/\/schema.org\/CreativeWork\" ><div class='avia_textblock av_multi_colums'  itemprop=\"text\" ><p><span style=\"color: #333399;\"><strong>Bildaufnahme und -optimierung<\/strong><\/span><\/p>\n<p>VisiQuick bietet schnelle Bildaufnahme, Bildoptimierung und intuitive Bildverbesserung. Au\u00dferdem verf\u00fcgt es \u00fcber Funktionen zum Hinzuf\u00fcgen von Anmerkungen und zum Durchf\u00fchren von Messungen.<\/p>\n<p><span style=\"color: #333399;\"><strong>KI-Diagnostik<\/strong><\/span><\/p>\n<p>Die KI-Unterst\u00fctzung bietet Ihnen dank der KI von Pearl Second Opinion oder Nanok AI ein zus\u00e4tzliches Paar Augen f\u00fcr eine erstklassige radiologische Diagnostik.<\/p>\n<p><span style=\"color: #333399;\"><strong>3D-Bildgebung<\/strong><\/span><\/p>\n<p>F\u00fchren Sie Ihre eigene 3D-Aufnahme durch oder importieren und speichern Sie Ihre 3D-Bilder oder -Modelle in VisiQuick und nutzen Sie einen der mitgelieferten kostenlosen Viewer, um sie auf jedem Arbeitsplatzrechner anzusehen.<\/p>\n<p><strong><span style=\"color: #333399;\">Die zentrale Drehscheibe f\u00fcr die gesamte Bildgebung<\/span><\/strong><\/p>\n<p>VisiQuick ist die ultimative Plattform f\u00fcr die Verwaltung all Ihrer Bilder und l\u00e4sst sich nahtlos in eine Vielzahl von Anwendungen f\u00fcr Bildverarbeitung, Tracing, 3D-Modellierung und KI-Unterst\u00fctzung integrieren. Verbinden Sie VisiQuick mit Ihrer Patientenverwaltungssoftware und nutzen Sie VisiQuick als zentrale Drehscheibe f\u00fcr die Bildverarbeitung.<\/p>\n<p>VisiQuick unterst\u00fctzt verschiedene Arten der Datenbankspeicherung: Firebird und MS SQL. Die Datenbank kann lokal oder in einer Cloud-\/Azure-Umgebung betrieben werden.*<\/p>\n<p>Empfohlene Systemanforderungen: Windows 11.<\/p>\n<p><em>*Der erforderliche Cloud-Speicher muss separat erworben werden. Dieser wird nicht von Citodent bereitgestellt.\u00a0<\/em><\/p>\n<\/div><\/section>\n\n<style type=\"text\/css\" data-created_by=\"avia_inline_auto\" id=\"style-css-av-8nj4s-684350e28621c26250a76f58f7abe5dc\">\n#top .hr.hr-invisible.av-8nj4s-684350e28621c26250a76f58f7abe5dc{\nheight:25px;\n}\n<\/style>\n<div  class='hr av-8nj4s-684350e28621c26250a76f58f7abe5dc hr-invisible  avia-builder-el-5  el_after_av_textblock  el_before_av_image '><span class='hr-inner '><span class=\"hr-inner-style\"><\/span><\/span><\/div>\n\n<style type=\"text\/css\" data-created_by=\"avia_inline_auto\" id=\"style-css-av-mo00czyk-683853a28d5fffd07b837ca0e511858c\">\n.avia-image-container.av-mo00czyk-683853a28d5fffd07b837ca0e511858c img.avia_image{\nbox-shadow:none;\n}\n.avia-image-container.av-mo00czyk-683853a28d5fffd07b837ca0e511858c .av-image-caption-overlay-center{\ncolor:#ffffff;\n}\n<\/style>\n<div  class='avia-image-container av-mo00czyk-683853a28d5fffd07b837ca0e511858c av-styling- avia-align-right  avia-builder-el-6  el_after_av_hr  el_before_av_hr '   itemprop=\"image\" itemscope=\"itemscope\" itemtype=\"https:\/\/schema.org\/ImageObject\" ><div class=\"avia-image-container-inner\"><div class=\"avia-image-overlay-wrap\"><img decoding=\"async\" fetchpriority=\"high\" class='wp-image-5660 avia-img-lazy-loading-not-5660 avia_image ' src=\"https:\/\/i0.wp.com\/www.citodent.com\/wp-content\/uploads\/2026\/04\/visiquick-AI-1.png?resize=495%2C400&ssl=1\" alt='' title='visiquick AI'  height=\"400\" width=\"495\"  itemprop=\"thumbnailUrl\" srcset=\"https:\/\/i0.wp.com\/www.citodent.com\/wp-content\/uploads\/2026\/04\/visiquick-AI-1.png?resize=495%2C400&amp;ssl=1 495w, https:\/\/i0.wp.com\/www.citodent.com\/wp-content\/uploads\/2026\/04\/visiquick-AI-1.png?resize=845%2C684&amp;ssl=1 845w\" sizes=\"(max-width: 495px) 100vw, 495px\" \/><\/div><\/div><\/div>\n<div  class='hr av-20nfkx-9fa232c2a090054bec966ed6a4911a98 hr-default  avia-builder-el-7  el_after_av_image  avia-builder-el-last '><span class='hr-inner '><span class=\"hr-inner-style\"><\/span><\/span><\/div>\n","protected":false},"excerpt":{"rendered":"","protected":false},"author":6,"featured_media":0,"parent":0,"menu_order":0,"comment_status":"closed","ping_status":"closed","template":"","meta":{"jetpack_post_was_ever_published":false,"footnotes":""},"class_list":["post-5695","page","type-page","status-publish","hentry"],"jetpack_shortlink":"https:\/\/wp.me\/Pdyd6R-1tR","jetpack_sharing_enabled":true,"publishpress_future_action":{"enabled":false,"date":"2026-04-29 16:51:14","action":"change-status","newStatus":"draft","terms":[],"taxonomy":"translation_priority","extraData":[]},"publishpress_future_workflow_manual_trigger":{"enabledWorkflows":[]},"_links":{"self":[{"href":"https:\/\/www.citodent.com\/de\/wp-json\/wp\/v2\/pages\/5695","targetHints":{"allow":["GET"]}}],"collection":[{"href":"https:\/\/www.citodent.com\/de\/wp-json\/wp\/v2\/pages"}],"about":[{"href":"https:\/\/www.citodent.com\/de\/wp-json\/wp\/v2\/types\/page"}],"author":[{"embeddable":true,"href":"https:\/\/www.citodent.com\/de\/wp-json\/wp\/v2\/users\/6"}],"replies":[{"embeddable":true,"href":"https:\/\/www.citodent.com\/de\/wp-json\/wp\/v2\/comments?post=5695"}],"version-history":[{"count":3,"href":"https:\/\/www.citodent.com\/de\/wp-json\/wp\/v2\/pages\/5695\/revisions"}],"predecessor-version":[{"id":5741,"href":"https:\/\/www.citodent.com\/de\/wp-json\/wp\/v2\/pages\/5695\/revisions\/5741"}],"wp:attachment":[{"href":"https:\/\/www.citodent.com\/de\/wp-json\/wp\/v2\/media?parent=5695"}],"curies":[{"name":"wp","href":"https:\/\/api.w.org\/{rel}","templated":true}]}}