{"id":5699,"date":"2026-04-16T16:14:24","date_gmt":"2026-04-16T14:14:24","guid":{"rendered":"https:\/\/www.citodent.com\/?page_id=5699"},"modified":"2026-04-16T16:15:02","modified_gmt":"2026-04-16T14:15:02","slug":"home-2","status":"publish","type":"page","link":"https:\/\/www.citodent.com\/dk\/home-2\/","title":{"rendered":"Home"},"content":{"rendered":"<section  class='av_textblock_section av-lrg7o5qx-97228a109fd51140ee505ba4f3e01cba '   itemscope=\"itemscope\" itemtype=\"https:\/\/schema.org\/CreativeWork\" ><div class='avia_textblock'  itemprop=\"text\" ><h3><\/h3>\n<p><span style=\"color: #333399;\"><strong>VisiQuick-software til tandl\u00e6gebilleder fra Citodent Imaging B.V.<\/strong> <\/span><\/p>\n<p>Med over 30 \u00e5rs erfaring har Citodent Imaging B.V. etableret sig som en f\u00f8rende partner inden for tandpleje. I dag bruger mere end 3.500 kunder verden over VisiQuick i deres tandl\u00e6gek\u00e6der, private klinikker og laboratorier.<\/p>\n<p>VisiQuick er tilg\u00e6ngeligt i otte europ\u00e6iske lande, Storbritannien, de nederlandske Caribien og endda Antarktis.<\/p>\n<p>VisiQuick er markedets hurtigste software til tandl\u00e6gebilleder og bruger enhedsspecifikke SDK&#8217;er for at sikre billeder af h\u00f8jeste kvalitet.<\/p>\n<p>VisiQuick-softwaren er kompatibel med alle eksisterende r\u00f8ntgensystemer, intraorale kameraer, video- og 3D-udstyr. Ingen leverand\u00f8rbinding!<\/p>\n<p>VisiQuick udm\u00e6rker sig ved sin brugervenlighed, minimale vedligeholdelse og p\u00e5lidelige ydeevne.<\/p>\n<\/div><\/section>\n\n<style type=\"text\/css\" data-created_by=\"avia_inline_auto\" id=\"style-css-av-lrg8624f-c2e9c12cc6bd3a7c850cb835c0819b81\">\n.avia-image-container.av-lrg8624f-c2e9c12cc6bd3a7c850cb835c0819b81 img.avia_image{\nbox-shadow:none;\n}\n.avia-image-container.av-lrg8624f-c2e9c12cc6bd3a7c850cb835c0819b81 .av-image-caption-overlay-center{\ncolor:#ffffff;\n}\n<\/style>\n<div  class='avia-image-container av-lrg8624f-c2e9c12cc6bd3a7c850cb835c0819b81 av-styling- avia-align-center  avia-builder-el-1  el_after_av_textblock  el_before_av_hr '   itemprop=\"image\" itemscope=\"itemscope\" itemtype=\"https:\/\/schema.org\/ImageObject\" ><div class=\"avia-image-container-inner\"><div class=\"avia-image-overlay-wrap\"><img decoding=\"async\" fetchpriority=\"high\" class='wp-image-5686 avia-img-lazy-loading-not-5686 avia_image ' src=\"https:\/\/i0.wp.com\/www.citodent.com\/wp-content\/uploads\/2026\/04\/VisiQuick-banner-website-EN-scaled.png?fit=1030%2C248&ssl=1\" alt='' title='VisiQuick banner website EN'  height=\"248\" width=\"1030\"  itemprop=\"thumbnailUrl\" srcset=\"https:\/\/i0.wp.com\/www.citodent.com\/wp-content\/uploads\/2026\/04\/VisiQuick-banner-website-EN-scaled.png?w=2560&amp;ssl=1 2560w, https:\/\/i0.wp.com\/www.citodent.com\/wp-content\/uploads\/2026\/04\/VisiQuick-banner-website-EN-scaled.png?resize=400%2C96&amp;ssl=1 400w, https:\/\/i0.wp.com\/www.citodent.com\/wp-content\/uploads\/2026\/04\/VisiQuick-banner-website-EN-scaled.png?resize=1030%2C248&amp;ssl=1 1030w, https:\/\/i0.wp.com\/www.citodent.com\/wp-content\/uploads\/2026\/04\/VisiQuick-banner-website-EN-scaled.png?resize=768%2C185&amp;ssl=1 768w, https:\/\/i0.wp.com\/www.citodent.com\/wp-content\/uploads\/2026\/04\/VisiQuick-banner-website-EN-scaled.png?resize=1536%2C370&amp;ssl=1 1536w, https:\/\/i0.wp.com\/www.citodent.com\/wp-content\/uploads\/2026\/04\/VisiQuick-banner-website-EN-scaled.png?resize=2048%2C494&amp;ssl=1 2048w, https:\/\/i0.wp.com\/www.citodent.com\/wp-content\/uploads\/2026\/04\/VisiQuick-banner-website-EN-scaled.png?resize=1500%2C362&amp;ssl=1 1500w, https:\/\/i0.wp.com\/www.citodent.com\/wp-content\/uploads\/2026\/04\/VisiQuick-banner-website-EN-scaled.png?resize=705%2C170&amp;ssl=1 705w\" sizes=\"(max-width: 1030px) 100vw, 1030px\" \/><\/div><\/div><\/div>\n\n<style type=\"text\/css\" data-created_by=\"avia_inline_auto\" id=\"style-css-av-lrg8ybvk-17d9ec2e83ea82357a827b1b6b7618c3\">\n#top .hr.hr-invisible.av-lrg8ybvk-17d9ec2e83ea82357a827b1b6b7618c3{\nheight:25px;\n}\n<\/style>\n<div  class='hr av-lrg8ybvk-17d9ec2e83ea82357a827b1b6b7618c3 hr-invisible  avia-builder-el-2  el_after_av_image  el_before_av_hr '><span class='hr-inner '><span class=\"hr-inner-style\"><\/span><\/span><\/div>\n\n<style type=\"text\/css\" data-created_by=\"avia_inline_auto\" id=\"style-css-av-knxho-56386a85567e80ad0c1a4093eb158943\">\n#top .hr.hr-invisible.av-knxho-56386a85567e80ad0c1a4093eb158943{\nheight:25px;\n}\n<\/style>\n<div  class='hr av-knxho-56386a85567e80ad0c1a4093eb158943 hr-invisible  avia-builder-el-3  el_after_av_hr  el_before_av_textblock '><span class='hr-inner '><span class=\"hr-inner-style\"><\/span><\/span><\/div>\n\n<style type=\"text\/css\" data-created_by=\"avia_inline_auto\" id=\"style-css-av-lrg7tyzg-b23cad377fc5e71590236d4bf4d9e3a1\">\n#top .av_textblock_section.av-lrg7tyzg-b23cad377fc5e71590236d4bf4d9e3a1 .avia_textblock{\ntext-align:left;\ncolumn-count:2;\n}\n<\/style>\n<section  class='av_textblock_section av-lrg7tyzg-b23cad377fc5e71590236d4bf4d9e3a1 '   itemscope=\"itemscope\" itemtype=\"https:\/\/schema.org\/CreativeWork\" ><div class='avia_textblock av_multi_colums'  itemprop=\"text\" ><p><span style=\"color: #333399;\"><strong>Billedoptagelse og -optimering<\/strong><\/span><\/p>\n<p>VisiQuick tilbyder hurtig billedoptagelse, billedoptimering og intuitiv billedforbedring. Det indeholder ogs\u00e5 funktioner til at tilf\u00f8je anm\u00e6rkninger og udf\u00f8re m\u00e5linger.<\/p>\n<p><span style=\"color: #333399;\"><strong>AI-diagnostik<\/strong><\/span><\/p>\n<p>AI-st\u00f8tte giver dig et ekstra par \u00f8jne til overlegen radiologisk diagnostik takket v\u00e6re AI fra Pearl Second Opinion eller Nanok AI.<\/p>\n<p><span style=\"color: #333399;\"><strong>3D-billedbehandling<\/strong><\/span><\/p>\n<p>Udf\u00f8r din egen 3D-optagelse, eller importer og gem dine 3D-billeder eller -modeller i VisiQuick, og brug en af de medf\u00f8lgende gratis visningsprogrammer til at se dem p\u00e5 enhver arbejdsstation.<\/p>\n<p><span style=\"color: #333399;\"><strong>Det centrale knudepunkt for al billedbehandling<\/strong> <\/span><\/p>\n<p>VisiQuick er den ultimative platform til styring af alle dine billeder og integreres problemfrit med en bred vifte af applikationer til billedbehandling, sporing, 3D-modellering og AI-support. Forbind VisiQuick til din patientadministrationssoftware, og brug VisiQuick som dit centrale knudepunkt for billedbehandling. VisiQuick underst\u00f8tter forskellige typer databaselagring: Firebird og MS SQL. Databasen kan k\u00f8re lokalt eller i et Cloud\/Azure-milj\u00f8. *Anbefalede systemkrav: Windows 11.<\/p>\n<p><em>*N\u00f8dvendig Cloud-lagring skal k\u00f8bes separat. Dette leveres ikke af Citodent.\u00a0<\/em><\/p>\n<\/div><\/section>\n\n<style type=\"text\/css\" data-created_by=\"avia_inline_auto\" id=\"style-css-av-8nj4s-684350e28621c26250a76f58f7abe5dc\">\n#top .hr.hr-invisible.av-8nj4s-684350e28621c26250a76f58f7abe5dc{\nheight:25px;\n}\n<\/style>\n<div  class='hr av-8nj4s-684350e28621c26250a76f58f7abe5dc hr-invisible  avia-builder-el-5  el_after_av_textblock  el_before_av_image '><span class='hr-inner '><span class=\"hr-inner-style\"><\/span><\/span><\/div>\n\n<style type=\"text\/css\" data-created_by=\"avia_inline_auto\" id=\"style-css-av-mo00czyk-683853a28d5fffd07b837ca0e511858c\">\n.avia-image-container.av-mo00czyk-683853a28d5fffd07b837ca0e511858c img.avia_image{\nbox-shadow:none;\n}\n.avia-image-container.av-mo00czyk-683853a28d5fffd07b837ca0e511858c .av-image-caption-overlay-center{\ncolor:#ffffff;\n}\n<\/style>\n<div  class='avia-image-container av-mo00czyk-683853a28d5fffd07b837ca0e511858c av-styling- avia-align-right  avia-builder-el-6  el_after_av_hr  el_before_av_hr '   itemprop=\"image\" itemscope=\"itemscope\" itemtype=\"https:\/\/schema.org\/ImageObject\" ><div class=\"avia-image-container-inner\"><div class=\"avia-image-overlay-wrap\"><img decoding=\"async\" fetchpriority=\"high\" class='wp-image-5657 avia-img-lazy-loading-not-5657 avia_image ' src=\"https:\/\/i0.wp.com\/www.citodent.com\/wp-content\/uploads\/2026\/04\/visiquick-AI-1.png?resize=495%2C400&ssl=1\" alt='' title='visiquick AI'  height=\"400\" width=\"495\"  itemprop=\"thumbnailUrl\" srcset=\"https:\/\/i0.wp.com\/www.citodent.com\/wp-content\/uploads\/2026\/04\/visiquick-AI-1.png?resize=495%2C400&amp;ssl=1 495w, https:\/\/i0.wp.com\/www.citodent.com\/wp-content\/uploads\/2026\/04\/visiquick-AI-1.png?resize=845%2C684&amp;ssl=1 845w\" sizes=\"(max-width: 495px) 100vw, 495px\" \/><\/div><\/div><\/div>\n<div  class='hr av-20nfkx-9fa232c2a090054bec966ed6a4911a98 hr-default  avia-builder-el-7  el_after_av_image  avia-builder-el-last '><span class='hr-inner '><span class=\"hr-inner-style\"><\/span><\/span><\/div>\n","protected":false},"excerpt":{"rendered":"","protected":false},"author":6,"featured_media":0,"parent":0,"menu_order":0,"comment_status":"closed","ping_status":"closed","template":"","meta":{"jetpack_post_was_ever_published":false,"footnotes":""},"class_list":["post-5699","page","type-page","status-publish","hentry"],"jetpack_shortlink":"https:\/\/wp.me\/Pdyd6R-1tV","jetpack_sharing_enabled":true,"publishpress_future_action":{"enabled":false,"date":"2026-04-24 05:36:34","action":"change-status","newStatus":"draft","terms":[],"taxonomy":"translation_priority"},"publishpress_future_workflow_manual_trigger":{"enabledWorkflows":[]},"_links":{"self":[{"href":"https:\/\/www.citodent.com\/dk\/wp-json\/wp\/v2\/pages\/5699","targetHints":{"allow":["GET"]}}],"collection":[{"href":"https:\/\/www.citodent.com\/dk\/wp-json\/wp\/v2\/pages"}],"about":[{"href":"https:\/\/www.citodent.com\/dk\/wp-json\/wp\/v2\/types\/page"}],"author":[{"embeddable":true,"href":"https:\/\/www.citodent.com\/dk\/wp-json\/wp\/v2\/users\/6"}],"replies":[{"embeddable":true,"href":"https:\/\/www.citodent.com\/dk\/wp-json\/wp\/v2\/comments?post=5699"}],"version-history":[{"count":2,"href":"https:\/\/www.citodent.com\/dk\/wp-json\/wp\/v2\/pages\/5699\/revisions"}],"predecessor-version":[{"id":5707,"href":"https:\/\/www.citodent.com\/dk\/wp-json\/wp\/v2\/pages\/5699\/revisions\/5707"}],"wp:attachment":[{"href":"https:\/\/www.citodent.com\/dk\/wp-json\/wp\/v2\/media?parent=5699"}],"curies":[{"name":"wp","href":"https:\/\/api.w.org\/{rel}","templated":true}]}}