{"id":2001,"date":"2020-10-07T14:16:16","date_gmt":"2020-10-07T12:16:16","guid":{"rendered":"https:\/\/visiquick.com\/?page_id=2001"},"modified":"2025-12-17T12:15:18","modified_gmt":"2025-12-17T11:15:18","slug":"contact","status":"publish","type":"page","link":"https:\/\/www.citodent.com\/fr\/contact\/","title":{"rendered":"Contact"},"content":{"rendered":"<p>Citodent Imaging B.V.<br \/>\nAmstel 312-O<br \/>\n1017 AP Amsterdam<br \/>\nLes Pays-Bas<\/p>\n<hr \/>\n<p>Heures d&rsquo;ouverture : du lundi au vendredi, de 8h30 \u00e0 17h00<\/p>\n<p>Horaires d&rsquo;appel t\u00e9l\u00e9phonique : du lundi au vendredi, de 9h00 \u00e0 16h00<\/p>\n<p>&nbsp;<\/p>\n<p><strong>Service d&rsquo;assistance (+31-206722610 choisir 1 \/ <a href=\"mailto:info@citodent.com\">info@citodent.com<\/a>)<\/strong><\/p>\n<table style=\"height: 195px; width: 299px;\">\n<tbody>\n<tr>\n<td><img data-recalc-dims=\"1\" loading=\"lazy\" decoding=\"async\" class=\"alignnone wp-image-4184\" src=\"https:\/\/i0.wp.com\/www.citodent.com\/wp-content\/uploads\/2024\/06\/Sylvia-foto-klein.jpg?resize=137%2C137&#038;ssl=1\" alt=\"\" width=\"137\" height=\"137\" \/><\/td>\n<td><img data-recalc-dims=\"1\" loading=\"lazy\" decoding=\"async\" class=\"alignnone wp-image-4147\" src=\"https:\/\/i0.wp.com\/www.citodent.com\/wp-content\/uploads\/2024\/06\/Andre-foto-klein.jpg?resize=137%2C137&#038;ssl=1\" alt=\"\" width=\"137\" height=\"137\" \/><\/td>\n<\/tr>\n<tr>\n<td>Sylvia van der Sloot<\/td>\n<td>Andre de Jongh<\/td>\n<\/tr>\n<\/tbody>\n<\/table>\n<p><strong>Administration (+31-206722610 choisir 2 \/ <a href=\"mailto:administration@citodent.com\">administration@citodent.com<\/a>)<\/strong><\/p>\n<table style=\"height: 195px; width: 149px;\">\n<tbody>\n<tr>\n<td><img data-recalc-dims=\"1\" loading=\"lazy\" decoding=\"async\" class=\"alignnone wp-image-4162\" src=\"https:\/\/i0.wp.com\/www.citodent.com\/wp-content\/uploads\/2024\/06\/Petra-foto-klein.jpg?resize=137%2C137&#038;ssl=1\" alt=\"\" width=\"137\" height=\"137\" \/><\/td>\n<\/tr>\n<tr>\n<td>Petra Dekker<\/td>\n<\/tr>\n<\/tbody>\n<\/table>\n<p><strong>Directeur, ventes, marketing (+31-622424828 \/ <a href=\"mailto:piet@citodent.com\">piet@citodent.com<\/a>)<\/strong><\/p>\n<table style=\"height: 195px; width: 149px;\">\n<tbody>\n<tr>\n<td><img data-recalc-dims=\"1\" loading=\"lazy\" decoding=\"async\" class=\"alignnone wp-image-4167\" src=\"https:\/\/i0.wp.com\/www.citodent.com\/wp-content\/uploads\/2024\/06\/Piet-foto-klein.jpg?resize=137%2C137&#038;ssl=1\" alt=\"\" width=\"137\" height=\"137\" \/><\/td>\n<\/tr>\n<tr>\n<td>Piet Reijers<\/td>\n<\/tr>\n<\/tbody>\n<\/table>\n<p><strong>Programmeurs<\/strong><\/p>\n<table style=\"height: 195px; width: 449px;\">\n<tbody>\n<tr>\n<td><img data-recalc-dims=\"1\" loading=\"lazy\" decoding=\"async\" class=\"alignnone wp-image-4177\" src=\"https:\/\/i0.wp.com\/www.citodent.com\/wp-content\/uploads\/2024\/06\/Udo-foto-klein.jpg?resize=137%2C137&#038;ssl=1\" alt=\"\" width=\"137\" height=\"137\" \/><\/td>\n<td><img data-recalc-dims=\"1\" loading=\"lazy\" decoding=\"async\" class=\"alignnone wp-image-4157\" src=\"https:\/\/i0.wp.com\/www.citodent.com\/wp-content\/uploads\/2024\/06\/Louis-foto-klein.jpg?resize=137%2C137&#038;ssl=1\" alt=\"\" width=\"137\" height=\"137\" \/><\/td>\n<td><img data-recalc-dims=\"1\" loading=\"lazy\" decoding=\"async\" class=\"alignnone wp-image-4126\" src=\"https:\/\/i0.wp.com\/www.citodent.com\/wp-content\/uploads\/2024\/06\/Herman-foto-klein.jpg?resize=137%2C137&#038;ssl=1\" alt=\"\" width=\"137\" height=\"137\" \/><\/td>\n<\/tr>\n<tr>\n<td>Udo Brom<\/td>\n<td>Louis Caous<\/td>\n<td>Herman Fr\u00f6berg<\/td>\n<\/tr>\n<\/tbody>\n<\/table>\n<p><strong>Propri\u00e9taire, programmeur, TIC internes<\/strong><\/p>\n<table style=\"height: 195px; width: 149px;\">\n<tbody>\n<tr>\n<td><img data-recalc-dims=\"1\" loading=\"lazy\" decoding=\"async\" class=\"alignnone wp-image-4172\" src=\"https:\/\/i0.wp.com\/www.citodent.com\/wp-content\/uploads\/2024\/06\/Thomas-foto-klein.jpg?resize=137%2C137&#038;ssl=1\" alt=\"\" width=\"137\" height=\"137\" \/><\/td>\n<\/tr>\n<tr>\n<td>Thomas Jensen<\/td>\n<\/tr>\n<\/tbody>\n<\/table>\n","protected":false},"excerpt":{"rendered":"<p>Citodent Imaging B.V. Amstel 312-O 1017 AP Amsterdam Les Pays-Bas Heures d&rsquo;ouverture : du lundi au vendredi, de 8h30 \u00e0 17h00 Horaires d&rsquo;appel t\u00e9l\u00e9phonique : du lundi au vendredi, de 9h00 \u00e0 16h00 &nbsp; Service d&rsquo;assistance (+31-206722610 choisir 1 \/ info@citodent.com) Sylvia van der Sloot Andre de Jongh Administration (+31-206722610 choisir 2 \/ administration@citodent.com) Petra [&hellip;]<\/p>\n","protected":false},"author":6,"featured_media":0,"parent":0,"menu_order":50,"comment_status":"closed","ping_status":"closed","template":"","meta":{"jetpack_post_was_ever_published":false,"footnotes":""},"class_list":["post-2001","page","type-page","status-publish","hentry"],"jetpack_shortlink":"https:\/\/wp.me\/Pdyd6R-wh","jetpack_sharing_enabled":true,"publishpress_future_action":{"enabled":false,"date":"2026-05-18 15:59:38","action":"change-status","newStatus":"draft","terms":[],"taxonomy":"translation_priority","extraData":[]},"publishpress_future_workflow_manual_trigger":{"enabledWorkflows":[]},"_links":{"self":[{"href":"https:\/\/www.citodent.com\/fr\/wp-json\/wp\/v2\/pages\/2001","targetHints":{"allow":["GET"]}}],"collection":[{"href":"https:\/\/www.citodent.com\/fr\/wp-json\/wp\/v2\/pages"}],"about":[{"href":"https:\/\/www.citodent.com\/fr\/wp-json\/wp\/v2\/types\/page"}],"author":[{"embeddable":true,"href":"https:\/\/www.citodent.com\/fr\/wp-json\/wp\/v2\/users\/6"}],"replies":[{"embeddable":true,"href":"https:\/\/www.citodent.com\/fr\/wp-json\/wp\/v2\/comments?post=2001"}],"version-history":[{"count":15,"href":"https:\/\/www.citodent.com\/fr\/wp-json\/wp\/v2\/pages\/2001\/revisions"}],"predecessor-version":[{"id":5479,"href":"https:\/\/www.citodent.com\/fr\/wp-json\/wp\/v2\/pages\/2001\/revisions\/5479"}],"wp:attachment":[{"href":"https:\/\/www.citodent.com\/fr\/wp-json\/wp\/v2\/media?parent=2001"}],"curies":[{"name":"wp","href":"https:\/\/api.w.org\/{rel}","templated":true}]}}