{"id":5692,"date":"2026-04-21T11:44:02","date_gmt":"2026-04-21T09:44:02","guid":{"rendered":"https:\/\/www.citodent.com\/?page_id=5692"},"modified":"2026-04-21T11:44:02","modified_gmt":"2026-04-21T09:44:02","slug":"daccueil","status":"publish","type":"page","link":"https:\/\/www.citodent.com\/fr\/","title":{"rendered":"D&rsquo;accueil"},"content":{"rendered":"<section  class='av_textblock_section av-lrg7o5qx-97228a109fd51140ee505ba4f3e01cba '   itemscope=\"itemscope\" itemtype=\"https:\/\/schema.org\/CreativeWork\" ><div class='avia_textblock'  itemprop=\"text\" ><h3><\/h3>\n<p><strong><span style=\"color: #333399;\">Le logiciel d&rsquo;imagerie dentaire VisiQuick de Citodent Imaging B.V.<\/span><\/strong><\/p>\n<p>Forte de plus de 30 ans d&rsquo;exp\u00e9rience, Citodent Imaging B.V. s&rsquo;est impos\u00e9e comme un partenaire de premier plan dans le domaine des soins bucco-dentaires.<\/p>\n<p>\u00c0 l&rsquo;heure actuelle, plus de 3 500 clients \u00e0 travers le monde utilisent VisiQuick au sein de leurs cha\u00eenes dentaires, de leurs cabinets ind\u00e9pendants et de leurs laboratoires.<\/p>\n<p>VisiQuick est pr\u00e9sent dans huit pays europ\u00e9ens, au Royaume-Uni, dans les Cara\u00efbes n\u00e9erlandaises et m\u00eame en Antarctique.<\/p>\n<p>VisiQuick est le logiciel d&rsquo;imagerie dentaire le plus rapide du march\u00e9 et utilise des SDK sp\u00e9cifiques \u00e0 chaque appareil pour garantir des images de la plus haute qualit\u00e9.<\/p>\n<p>Le logiciel VisiQuick est compatible avec tous les syst\u00e8mes de radiographie, cam\u00e9ras intra-orales, \u00e9quipements vid\u00e9o et 3D existants. Aucune d\u00e9pendance vis-\u00e0-vis d&rsquo;un fournisseur !<\/p>\n<p>VisiQuick offre une excellente convivialit\u00e9, une maintenance minimale et des performances fiables.<\/p>\n<\/div><\/section>\n\n<style type=\"text\/css\" data-created_by=\"avia_inline_auto\" id=\"style-css-av-lrg8624f-c2e9c12cc6bd3a7c850cb835c0819b81\">\n.avia-image-container.av-lrg8624f-c2e9c12cc6bd3a7c850cb835c0819b81 img.avia_image{\nbox-shadow:none;\n}\n.avia-image-container.av-lrg8624f-c2e9c12cc6bd3a7c850cb835c0819b81 .av-image-caption-overlay-center{\ncolor:#ffffff;\n}\n<\/style>\n<div  class='avia-image-container av-lrg8624f-c2e9c12cc6bd3a7c850cb835c0819b81 av-styling- avia-align-center  avia-builder-el-1  el_after_av_textblock  el_before_av_hr '   itemprop=\"image\" itemscope=\"itemscope\" itemtype=\"https:\/\/schema.org\/ImageObject\" ><div class=\"avia-image-container-inner\"><div class=\"avia-image-overlay-wrap\"><img decoding=\"async\" fetchpriority=\"high\" class='wp-image-5688 avia-img-lazy-loading-not-5688 avia_image ' src=\"https:\/\/i0.wp.com\/www.citodent.com\/wp-content\/uploads\/2026\/04\/VisiQuick-banner-website-EN-scaled.png?fit=1030%2C248&ssl=1\" alt='' title='VisiQuick banner website EN'  height=\"248\" width=\"1030\"  itemprop=\"thumbnailUrl\" srcset=\"https:\/\/i0.wp.com\/www.citodent.com\/wp-content\/uploads\/2026\/04\/VisiQuick-banner-website-EN-scaled.png?w=2560&amp;ssl=1 2560w, https:\/\/i0.wp.com\/www.citodent.com\/wp-content\/uploads\/2026\/04\/VisiQuick-banner-website-EN-scaled.png?resize=400%2C96&amp;ssl=1 400w, https:\/\/i0.wp.com\/www.citodent.com\/wp-content\/uploads\/2026\/04\/VisiQuick-banner-website-EN-scaled.png?resize=1030%2C248&amp;ssl=1 1030w, https:\/\/i0.wp.com\/www.citodent.com\/wp-content\/uploads\/2026\/04\/VisiQuick-banner-website-EN-scaled.png?resize=768%2C185&amp;ssl=1 768w, https:\/\/i0.wp.com\/www.citodent.com\/wp-content\/uploads\/2026\/04\/VisiQuick-banner-website-EN-scaled.png?resize=1536%2C370&amp;ssl=1 1536w, https:\/\/i0.wp.com\/www.citodent.com\/wp-content\/uploads\/2026\/04\/VisiQuick-banner-website-EN-scaled.png?resize=2048%2C494&amp;ssl=1 2048w, https:\/\/i0.wp.com\/www.citodent.com\/wp-content\/uploads\/2026\/04\/VisiQuick-banner-website-EN-scaled.png?resize=1500%2C362&amp;ssl=1 1500w, https:\/\/i0.wp.com\/www.citodent.com\/wp-content\/uploads\/2026\/04\/VisiQuick-banner-website-EN-scaled.png?resize=705%2C170&amp;ssl=1 705w\" sizes=\"(max-width: 1030px) 100vw, 1030px\" \/><\/div><\/div><\/div>\n\n<style type=\"text\/css\" data-created_by=\"avia_inline_auto\" id=\"style-css-av-lrg8ybvk-17d9ec2e83ea82357a827b1b6b7618c3\">\n#top .hr.hr-invisible.av-lrg8ybvk-17d9ec2e83ea82357a827b1b6b7618c3{\nheight:25px;\n}\n<\/style>\n<div  class='hr av-lrg8ybvk-17d9ec2e83ea82357a827b1b6b7618c3 hr-invisible  avia-builder-el-2  el_after_av_image  el_before_av_hr '><span class='hr-inner '><span class=\"hr-inner-style\"><\/span><\/span><\/div>\n\n<style type=\"text\/css\" data-created_by=\"avia_inline_auto\" id=\"style-css-av-knxho-56386a85567e80ad0c1a4093eb158943\">\n#top .hr.hr-invisible.av-knxho-56386a85567e80ad0c1a4093eb158943{\nheight:25px;\n}\n<\/style>\n<div  class='hr av-knxho-56386a85567e80ad0c1a4093eb158943 hr-invisible  avia-builder-el-3  el_after_av_hr  el_before_av_textblock '><span class='hr-inner '><span class=\"hr-inner-style\"><\/span><\/span><\/div>\n\n<style type=\"text\/css\" data-created_by=\"avia_inline_auto\" id=\"style-css-av-lrg7tyzg-b23cad377fc5e71590236d4bf4d9e3a1\">\n#top .av_textblock_section.av-lrg7tyzg-b23cad377fc5e71590236d4bf4d9e3a1 .avia_textblock{\ntext-align:left;\ncolumn-count:2;\n}\n<\/style>\n<section  class='av_textblock_section av-lrg7tyzg-b23cad377fc5e71590236d4bf4d9e3a1 '   itemscope=\"itemscope\" itemtype=\"https:\/\/schema.org\/CreativeWork\" ><div class='avia_textblock av_multi_colums'  itemprop=\"text\" ><p><strong><span style=\"color: #000080;\">Acquisition et optimisation d&rsquo;images<\/span><\/strong><\/p>\n<p>VisiQuick permet une acquisition rapide des images, leur optimisation et une am\u00e9lioration intuitive. Il propose \u00e9galement des fonctions permettant d&rsquo;ajouter des annotations et d&rsquo;effectuer des mesures.<\/p>\n<p><span style=\"color: #333399;\"><strong>Diagnostics par IA<\/strong><\/span><\/p>\n<p>L&rsquo;assistance par IA vous offre un regard suppl\u00e9mentaire pour des diagnostics radiologiques de qualit\u00e9 sup\u00e9rieure, gr\u00e2ce \u00e0 l&rsquo;IA de Pearl Second Opinion ou de Nanok AI.<\/p>\n<p><span style=\"color: #333399;\"><strong>Imagerie 3D<\/strong><\/span><\/p>\n<p>R\u00e9alisez vos propres acquisitions 3D ou importez et enregistrez vos images ou mod\u00e8les 3D dans VisiQuick, puis utilisez l&rsquo;un des visualiseurs gratuits fournis pour les consulter sur n&rsquo;importe quel poste de travail.<\/p>\n<p><span style=\"color: #333399;\"><strong>La plateforme centrale pour toute l&rsquo;imagerie<\/strong><\/span><\/p>\n<p>VisiQuick est la plateforme ultime pour la gestion de toutes vos images et s&rsquo;int\u00e8gre de mani\u00e8re transparente \u00e0 une large gamme d&rsquo;applications pour le traitement d&rsquo;images, le tra\u00e7age, la mod\u00e9lisation 3D et l&rsquo;assistance IA. Connectez VisiQuick \u00e0 votre logiciel de gestion des patients et utilisez VisiQuick comme plateforme centrale pour le traitement d&rsquo;images.<\/p>\n<p>VisiQuick prend en charge diff\u00e9rents types de stockage de bases de donn\u00e9es : Firebird et MS SQL. La base de donn\u00e9es peut fonctionner en local ou dans un environnement Cloud\/Azure.*<\/p>\n<p>Configuration syst\u00e8me recommand\u00e9e : Windows 11.<\/p>\n<p><em>*L&rsquo;espace de stockage Cloud requis doit \u00eatre achet\u00e9 s\u00e9par\u00e9ment. Il n&rsquo;est pas fourni par Citodent.\u00a0<\/em><\/p>\n<\/div><\/section>\n\n<style type=\"text\/css\" data-created_by=\"avia_inline_auto\" id=\"style-css-av-8nj4s-684350e28621c26250a76f58f7abe5dc\">\n#top .hr.hr-invisible.av-8nj4s-684350e28621c26250a76f58f7abe5dc{\nheight:25px;\n}\n<\/style>\n<div  class='hr av-8nj4s-684350e28621c26250a76f58f7abe5dc hr-invisible  avia-builder-el-5  el_after_av_textblock  el_before_av_image '><span class='hr-inner '><span class=\"hr-inner-style\"><\/span><\/span><\/div>\n\n<style type=\"text\/css\" data-created_by=\"avia_inline_auto\" id=\"style-css-av-mo00czyk-683853a28d5fffd07b837ca0e511858c\">\n.avia-image-container.av-mo00czyk-683853a28d5fffd07b837ca0e511858c img.avia_image{\nbox-shadow:none;\n}\n.avia-image-container.av-mo00czyk-683853a28d5fffd07b837ca0e511858c .av-image-caption-overlay-center{\ncolor:#ffffff;\n}\n<\/style>\n<div  class='avia-image-container av-mo00czyk-683853a28d5fffd07b837ca0e511858c av-styling- avia-align-right  avia-builder-el-6  el_after_av_hr  el_before_av_hr '   itemprop=\"image\" itemscope=\"itemscope\" itemtype=\"https:\/\/schema.org\/ImageObject\" ><div class=\"avia-image-container-inner\"><div class=\"avia-image-overlay-wrap\"><img decoding=\"async\" fetchpriority=\"high\" class='wp-image-5659 avia-img-lazy-loading-not-5659 avia_image ' src=\"https:\/\/i0.wp.com\/www.citodent.com\/wp-content\/uploads\/2026\/04\/visiquick-AI-1.png?resize=495%2C400&ssl=1\" alt='' title='visiquick AI'  height=\"400\" width=\"495\"  itemprop=\"thumbnailUrl\" srcset=\"https:\/\/i0.wp.com\/www.citodent.com\/wp-content\/uploads\/2026\/04\/visiquick-AI-1.png?resize=495%2C400&amp;ssl=1 495w, https:\/\/i0.wp.com\/www.citodent.com\/wp-content\/uploads\/2026\/04\/visiquick-AI-1.png?resize=845%2C684&amp;ssl=1 845w\" sizes=\"(max-width: 495px) 100vw, 495px\" \/><\/div><\/div><\/div>\n<div  class='hr av-20nfkx-9fa232c2a090054bec966ed6a4911a98 hr-default  avia-builder-el-7  el_after_av_image  avia-builder-el-last '><span class='hr-inner '><span class=\"hr-inner-style\"><\/span><\/span><\/div>\n","protected":false},"excerpt":{"rendered":"","protected":false},"author":6,"featured_media":0,"parent":0,"menu_order":0,"comment_status":"closed","ping_status":"closed","template":"","meta":{"jetpack_post_was_ever_published":false,"footnotes":""},"class_list":["post-5692","page","type-page","status-publish","hentry"],"jetpack_shortlink":"https:\/\/wp.me\/Pdyd6R-1tO","jetpack_sharing_enabled":true,"publishpress_future_action":{"enabled":false,"date":"2026-05-18 14:57:19","action":"change-status","newStatus":"draft","terms":[],"taxonomy":"translation_priority","extraData":[]},"publishpress_future_workflow_manual_trigger":{"enabledWorkflows":[]},"_links":{"self":[{"href":"https:\/\/www.citodent.com\/fr\/wp-json\/wp\/v2\/pages\/5692","targetHints":{"allow":["GET"]}}],"collection":[{"href":"https:\/\/www.citodent.com\/fr\/wp-json\/wp\/v2\/pages"}],"about":[{"href":"https:\/\/www.citodent.com\/fr\/wp-json\/wp\/v2\/types\/page"}],"author":[{"embeddable":true,"href":"https:\/\/www.citodent.com\/fr\/wp-json\/wp\/v2\/users\/6"}],"replies":[{"embeddable":true,"href":"https:\/\/www.citodent.com\/fr\/wp-json\/wp\/v2\/comments?post=5692"}],"version-history":[{"count":3,"href":"https:\/\/www.citodent.com\/fr\/wp-json\/wp\/v2\/pages\/5692\/revisions"}],"predecessor-version":[{"id":5725,"href":"https:\/\/www.citodent.com\/fr\/wp-json\/wp\/v2\/pages\/5692\/revisions\/5725"}],"wp:attachment":[{"href":"https:\/\/www.citodent.com\/fr\/wp-json\/wp\/v2\/media?parent=5692"}],"curies":[{"name":"wp","href":"https:\/\/api.w.org\/{rel}","templated":true}]}}