{"id":957,"date":"2017-09-11T13:50:02","date_gmt":"2017-09-11T11:50:02","guid":{"rendered":"http:\/\/www.zeedam.nl\/?page_id=957"},"modified":"2026-02-23T10:43:08","modified_gmt":"2026-02-23T09:43:08","slug":"visiquick","status":"publish","type":"page","link":"https:\/\/www.citodent.com\/nl\/visiquick\/","title":{"rendered":"VisiQuick"},"content":{"rendered":"<section  class='av_textblock_section av-lrgc5azm-ba3546609c4a6cef83ca2279817c8bcf '   itemscope=\"itemscope\" itemtype=\"https:\/\/schema.org\/CreativeWork\" ><div class='avia_textblock'  itemprop=\"text\" ><p><strong>VisiQuick, de marktstandaard<\/strong><\/p>\n<p>VisiQuick is de marktstandaard in digitale beeldverwerking voor de mondzorg.<\/p>\n<p>VisiQuick kan als lokale applicatie gebruikt wordt, maar ook in een cloud omgeving. VisiQuick wordt dan kosteloos uitgebreid met een extra module welke communicatie vanuit de Cloud, Terminal Server of Remote desktop omgeving met de lokale apparatuur mogelijk maakt.<\/p>\n<p>Voor mondhygi\u00ebne praktijken is VisiQuick tegen gereduceerd tarief beschikbaar in een versie die niet de mogelijkheid biedt om eigen r\u00f6ntgenopnames te maken, maar wel import van extern ontvangen r\u00f6ntgenbeelden en eigen intra-oraal en aangezichtsfotografie.<\/p>\n<p>Voor grotere ketens is er een extended versie met o.a. user-roles en centrale X-ray settings beschikbaar. Vraag naar de mogelijkheden.<\/p>\n<p><strong>VisiQuick groeit met u mee<\/strong><\/p>\n<p>Uw VisiQuick licentie is op basis van het aantal werkplekken waarop VisiQuick gelijktijdig gebruikt wordt voor acquisitie of raadpleging. Uw pakket is te allen tijde op aanvraag snel uitbreidbaar naar een hoger aantal users.<\/p>\n<p>Heeft u meer dan \u00e9\u00e9n praktijklocatie? Met VisiQuick Cloud heeft u uw opnames centraal beschikbaar. Tevens is een replicatie module mogelijk waarbij praktijklocaties zonder centrale server toch de beelden kunnen delen.<\/p>\n<p>De r\u00f6ntgenmodules voor de aansturing van diverse apparatuur zijn bij VisiQuick inbegrepen en ook uitbreiding met een CT module voor uw CBCT 3D apparatuur is kosteloos.<\/p>\n<p><strong>Koppeling met Patient administratie software<\/strong><\/p>\n<p>VisiQuick is te koppelen met Exquise Classic, Exquise Nextgen, Simplex, JDS, Oase, Metadent, Novadent, Tandarts in de wolken, Bytegear, Flexdata, CNS Connect, Tabdents en meer.<\/p>\n<p><strong>Conversies naar VisiQuick<\/strong><\/p>\n<p>Wij converteren zonder problemen de beelden uit uw bestaande pakket naar VisiQuick met een minimum aan down-time voor de praktijk. Dit geldt o.a. voor onderstaande pakketten:<\/p>\n<p>Emago \u2013 Digora \u2013 Apteryx \u2013 Cliniview \u2013 DbsWin \u2013 DentAView \u2013 Dental-Eye \u2013 Dexis \u2013 Dimaxis \u2013 DixiView \u2013 ExquiRay \u2013 Fimet \u2013 FlexiView \u2013 Carestream \/ Kodak \/ Trophy \u2013 Mediadent \u2013 MyRay \u2013 NovaX \u2013 Onepix \u2013 OrthWin \u2013 Schick \u2013 Sidexis \u2013 ViperRay \u2013 VixWin en meer.<\/p>\n<p><strong>VisiQuick connectiviteit<\/strong><\/p>\n<p>VisiQuick kan alle bestaande r\u00f6ntgenapparatuur aansturen, zowel fosforscanners, sensoren, OPT als CBCT apparatuur. Daarnaast kunt u alle bekende intra orale camera\u2019s koppelen en beelden van WIFI verbonden digitale camera\u2019s automatisch importeren.<\/p>\n<p>Het mailen van uw opnames doet u rechtstreeks vanuit VisiQuick of ontsluit u eenvoudig naar uw pati\u00ebnt administratie software.<\/p>\n<p>Koppelingen met o.a. <a href=\"https:\/\/www.hellopearl.com\/products\/second-opinion\">Second Opinion AI<\/a>, 3Shape, Shining3D, Qbridge\/ Weborder, FACAD, Q-ray en vele anderen.<\/p>\n<p><img data-recalc-dims=\"1\" loading=\"lazy\" decoding=\"async\" class=\"alignnone wp-image-4496\" src=\"https:\/\/i0.wp.com\/www.citodent.com\/wp-content\/uploads\/2024\/06\/Features-Image-capture-2D-and-3D-Software-bridge.png?resize=910%2C507&#038;ssl=1\" alt=\"\" width=\"910\" height=\"507\" srcset=\"https:\/\/i0.wp.com\/www.citodent.com\/wp-content\/uploads\/2024\/06\/Features-Image-capture-2D-and-3D-Software-bridge.png?resize=400%2C223&amp;ssl=1 400w, https:\/\/i0.wp.com\/www.citodent.com\/wp-content\/uploads\/2024\/06\/Features-Image-capture-2D-and-3D-Software-bridge.png?resize=1030%2C575&amp;ssl=1 1030w, https:\/\/i0.wp.com\/www.citodent.com\/wp-content\/uploads\/2024\/06\/Features-Image-capture-2D-and-3D-Software-bridge.png?resize=768%2C429&amp;ssl=1 768w, https:\/\/i0.wp.com\/www.citodent.com\/wp-content\/uploads\/2024\/06\/Features-Image-capture-2D-and-3D-Software-bridge.png?resize=705%2C394&amp;ssl=1 705w, https:\/\/i0.wp.com\/www.citodent.com\/wp-content\/uploads\/2024\/06\/Features-Image-capture-2D-and-3D-Software-bridge.png?w=1033&amp;ssl=1 1033w\" sizes=\"auto, (max-width: 910px) 100vw, 910px\" \/><\/p>\n<p><strong>VisiQuick CE<\/strong><\/p>\n<p>VisiQuick is CE-gecertificeerd en voldoet aan Europese regelgeving.<\/p>\n<p><strong>Over ons<\/strong><\/p>\n<p>VisiQuick is een softwareprogramma van Citodent Imaging B.V.<br \/>\nMet VisiQuick is Citodent Imaging B.V. al meer dan 30 jaar een premium partner voor de mondzorg.<br \/>\nMeer dan 3.500 klanten wereldwijd gebruiken VisiQuick in hun praktijken, tandartsketens en laboratoria.<\/p>\n<p><a href=\"https:\/\/www.citodent.com\/nl\/contact\/\"><strong>Dit zijn wij, bel ons<\/strong><\/a><\/p>\n<\/div><\/section>\n","protected":false},"excerpt":{"rendered":"","protected":false},"author":6,"featured_media":0,"parent":0,"menu_order":10,"comment_status":"closed","ping_status":"closed","template":"","meta":{"jetpack_post_was_ever_published":false,"footnotes":""},"class_list":["post-957","page","type-page","status-publish","hentry"],"jetpack_shortlink":"https:\/\/wp.me\/Pdyd6R-fr","jetpack_sharing_enabled":true,"publishpress_future_action":{"enabled":false,"date":"2026-04-28 04:18:23","action":"change-status","newStatus":"draft","terms":[],"taxonomy":"translation_priority"},"publishpress_future_workflow_manual_trigger":{"enabledWorkflows":[]},"_links":{"self":[{"href":"https:\/\/www.citodent.com\/nl\/wp-json\/wp\/v2\/pages\/957","targetHints":{"allow":["GET"]}}],"collection":[{"href":"https:\/\/www.citodent.com\/nl\/wp-json\/wp\/v2\/pages"}],"about":[{"href":"https:\/\/www.citodent.com\/nl\/wp-json\/wp\/v2\/types\/page"}],"author":[{"embeddable":true,"href":"https:\/\/www.citodent.com\/nl\/wp-json\/wp\/v2\/users\/6"}],"replies":[{"embeddable":true,"href":"https:\/\/www.citodent.com\/nl\/wp-json\/wp\/v2\/comments?post=957"}],"version-history":[{"count":11,"href":"https:\/\/www.citodent.com\/nl\/wp-json\/wp\/v2\/pages\/957\/revisions"}],"predecessor-version":[{"id":5553,"href":"https:\/\/www.citodent.com\/nl\/wp-json\/wp\/v2\/pages\/957\/revisions\/5553"}],"wp:attachment":[{"href":"https:\/\/www.citodent.com\/nl\/wp-json\/wp\/v2\/media?parent=957"}],"curies":[{"name":"wp","href":"https:\/\/api.w.org\/{rel}","templated":true}]}}