{"id":2200,"date":"2021-06-03T20:24:34","date_gmt":"2021-06-03T18:24:34","guid":{"rendered":"https:\/\/visiquick.com\/dealers\/"},"modified":"2024-07-03T15:04:48","modified_gmt":"2024-07-03T13:04:48","slug":"dealers","status":"publish","type":"page","link":"https:\/\/www.citodent.com\/no\/dealers\/","title":{"rendered":"Forhandlere"},"content":{"rendered":"<p>VisiQuick, og v\u00e5re dedikerte programvareutgaver for veterin\u00e6rer (VisiQuick Veterinary) og tannlaboratorier (VisiQuick Lab-versjon), selges globalt gjennom v\u00e5re sertifiserte forhandlere.<\/p>\n<p>Distribut\u00f8rer kan logge inn ved \u00e5 klikke <a href=\"\/distributors\/distributor-login\">her<\/a>.<\/p>\n<p>Velg et produkt og land for \u00e5 finne en autorisert forhandler:<\/p>\n<p><iframe loading=\"lazy\" src=\"https:\/\/admin.citodent.com\/fd\/fd.html\" width=\"100%\" height=\"700\" frameborder=\"no\"><br \/>\n<\/iframe><\/p>\n","protected":false},"excerpt":{"rendered":"<p>VisiQuick, og v\u00e5re dedikerte programvareutgaver for veterin\u00e6rer (VisiQuick Veterinary) og tannlaboratorier (VisiQuick Lab-versjon), selges globalt gjennom v\u00e5re sertifiserte forhandlere. Distribut\u00f8rer kan logge inn ved \u00e5 klikke her. Velg et produkt og land for \u00e5 finne en autorisert forhandler:<\/p>\n","protected":false},"author":1,"featured_media":0,"parent":0,"menu_order":40,"comment_status":"closed","ping_status":"closed","template":"","meta":{"jetpack_post_was_ever_published":false,"footnotes":""},"class_list":["post-2200","page","type-page","status-publish","hentry"],"jetpack_shortlink":"https:\/\/wp.me\/Pdyd6R-zu","jetpack_sharing_enabled":true,"publishpress_future_action":{"enabled":false,"date":"2026-05-13 10:50:27","action":"change-status","newStatus":"draft","terms":[],"taxonomy":"translation_priority","extraData":[]},"publishpress_future_workflow_manual_trigger":{"enabledWorkflows":[]},"_links":{"self":[{"href":"https:\/\/www.citodent.com\/no\/wp-json\/wp\/v2\/pages\/2200","targetHints":{"allow":["GET"]}}],"collection":[{"href":"https:\/\/www.citodent.com\/no\/wp-json\/wp\/v2\/pages"}],"about":[{"href":"https:\/\/www.citodent.com\/no\/wp-json\/wp\/v2\/types\/page"}],"author":[{"embeddable":true,"href":"https:\/\/www.citodent.com\/no\/wp-json\/wp\/v2\/users\/1"}],"replies":[{"embeddable":true,"href":"https:\/\/www.citodent.com\/no\/wp-json\/wp\/v2\/comments?post=2200"}],"version-history":[{"count":3,"href":"https:\/\/www.citodent.com\/no\/wp-json\/wp\/v2\/pages\/2200\/revisions"}],"predecessor-version":[{"id":4651,"href":"https:\/\/www.citodent.com\/no\/wp-json\/wp\/v2\/pages\/2200\/revisions\/4651"}],"wp:attachment":[{"href":"https:\/\/www.citodent.com\/no\/wp-json\/wp\/v2\/media?parent=2200"}],"curies":[{"name":"wp","href":"https:\/\/api.w.org\/{rel}","templated":true}]}}